{"id":82,"date":"2020-08-25T09:18:58","date_gmt":"2020-08-25T07:18:58","guid":{"rendered":"https:\/\/www.vserdberg.at\/volksschule\/?page_id=82"},"modified":"2023-11-29T13:43:35","modified_gmt":"2023-11-29T12:43:35","slug":"elternverein","status":"publish","type":"page","link":"https:\/\/www.vserdberg.at\/volksschule\/elternverein\/","title":{"rendered":"Elternverein"},"content":{"rendered":"\n<p><strong>Liebe Sch\u00fcler:innen und Familien, die aktiv unserer Schulgemeinschaft angeh\u00f6ren oder interessiert daran sind!<\/strong><\/p>\n\n\n\n<p>Alle Familien der Volksschule Erdbergstra\u00dfe 76 werden von einem j\u00e4hrlich gew\u00e4hlten Vorstand vertreten: der Elternverein der Volksschule Erdbergstra\u00dfe 76.<\/p>\n\n\n\n<p>Der Elternverein der Volksschule Erdbergstra\u00dfe sieht sich als St\u00fctze f\u00fcr alle Sch\u00fcler:innen und deren Familien und ist stets versucht, deren Anliegen zu vertreten und W\u00fcnsche umzusetzen. Zus\u00e4tzlich agieren wir als Bindeglied zwischen Sch\u00fcler:innen und deren Familien mit dem Lehrerteam, der Direktion und dem Hort.<\/p>\n\n\n\n<p>Eine regelm\u00e4\u00dfige Kommunikation zwischen Elternverein und allen Mitgliedern des Schulteams ist selbstverst\u00e4ndlich, um Anliegen auszutauschen, Projekte zu besprechen und die Zusammenarbeit zu intensivieren.<\/p>\n\n\n\n<p>Sollten Sie Fragen oder Anregungen haben, eine aktive Mitarbeit w\u00fcnschen oder finanzielle Unterst\u00fctzung f\u00fcr unsere Schule anbieten, kontaktieren Sie uns bitte jederzeit unter <a href=\"mailto:vserdberg@gmx.at\" target=\"_blank\" rel=\"noreferrer noopener\">vserdberg@gmx.at<\/a>. Sie treffen uns auch pers\u00f6nlich an den Infost\u00e4nden des Elternvereins an den Tagen der offenen T\u00fcre an.<\/p>\n\n\n\n<p>Der Elternverein besteht aus jeweils zwei Vertreter:innen, pro Klasse, welche zu Beginn eines Schuljahres von allen anwesenden Eltern gew\u00e4hlt werden. Zus\u00e4tzlich haben alle Familien die M\u00f6glichkeit, den Elternverein tatkr\u00e4ftig zu unterst\u00fctzen. In den letzten Jahren konnten wir immer auf eine ausgezeichnete Zusammenarbeit aller z\u00e4hlen \u2013 daf\u00fcr m\u00f6chten wir uns recht herzlich bedanken!<\/p>\n\n\n\n<p>Von Eltern f\u00fcr Kinder!<\/p>\n\n\n\n<p>Das gute Miteinander zwischen Familien und allen Mitgliedern des Schulteams ist die Basis, um unseren Kindern eine sch\u00f6ne, lehrreiche, und gl\u00fcckliche Volksschulzeit zu erm\u00f6glichen, auf die sie gerne zur\u00fcckblicken!<\/p>\n\n\n\n<p><strong>Der Vorstand des Elternvereins Erdbergstra\u00dfe 76<\/strong><\/p>\n\n\n\n<div class=\"wp-block-media-text is-stacked-on-mobile\"><figure class=\"wp-block-media-text__media\"><img loading=\"lazy\" decoding=\"async\" width=\"500\" height=\"500\" src=\"https:\/\/www.vserdberg.at\/volksschule\/wp-content\/uploads\/2023\/11\/LOGO_EV.png\" alt=\"\" class=\"wp-image-1841 size-full\" srcset=\"https:\/\/www.vserdberg.at\/volksschule\/wp-content\/uploads\/2023\/11\/LOGO_EV.png 500w, https:\/\/www.vserdberg.at\/volksschule\/wp-content\/uploads\/2023\/11\/LOGO_EV-300x300.png 300w, https:\/\/www.vserdberg.at\/volksschule\/wp-content\/uploads\/2023\/11\/LOGO_EV-150x150.png 150w, https:\/\/www.vserdberg.at\/volksschule\/wp-content\/uploads\/2023\/11\/LOGO_EV-400x400.png 400w\" sizes=\"auto, (max-width: 500px) 100vw, 500px\" \/><\/figure><div class=\"wp-block-media-text__content\">\n<p>Elternverein der Volksschule Erdbergstra\u00dfe<br>Erdbergstra\u00dfe 76, 1030 Wien<br>ZVR-Zahl: 042493298<br><a href=\"mailto:vserdberg@gmx.at\" target=\"_blank\" rel=\"noreferrer noopener\">Email: vserdberg@gmx.at<\/a><\/p>\n<\/div><\/div>\n\n\n\n<p><br><\/p>\n","protected":false},"excerpt":{"rendered":"<p>Liebe Sch\u00fcler:innen und Familien, die aktiv unserer Schulgemeinschaft angeh\u00f6ren oder interessiert daran sind! Alle Familien der Volksschule Erdbergstra\u00dfe 76 werden von einem j\u00e4hrlich gew\u00e4hlten Vorstand vertreten: der Elternverein der Volksschule Erdbergstra\u00dfe 76. Der Elternverein der Volksschule Erdbergstra\u00dfe sieht sich als St\u00fctze f\u00fcr alle Sch\u00fcler:innen und deren Familien und ist stets versucht, deren Anliegen zu vertreten [&hellip;]<\/p>\n","protected":false},"author":1,"featured_media":0,"parent":0,"menu_order":0,"comment_status":"closed","ping_status":"closed","template":"","meta":{"footnotes":""},"class_list":["post-82","page","type-page","status-publish","hentry","missing-thumbnail"],"_links":{"self":[{"href":"https:\/\/www.vserdberg.at\/volksschule\/wp-json\/wp\/v2\/pages\/82","targetHints":{"allow":["GET"]}}],"collection":[{"href":"https:\/\/www.vserdberg.at\/volksschule\/wp-json\/wp\/v2\/pages"}],"about":[{"href":"https:\/\/www.vserdberg.at\/volksschule\/wp-json\/wp\/v2\/types\/page"}],"author":[{"embeddable":true,"href":"https:\/\/www.vserdberg.at\/volksschule\/wp-json\/wp\/v2\/users\/1"}],"replies":[{"embeddable":true,"href":"https:\/\/www.vserdberg.at\/volksschule\/wp-json\/wp\/v2\/comments?post=82"}],"version-history":[{"count":10,"href":"https:\/\/www.vserdberg.at\/volksschule\/wp-json\/wp\/v2\/pages\/82\/revisions"}],"predecessor-version":[{"id":1845,"href":"https:\/\/www.vserdberg.at\/volksschule\/wp-json\/wp\/v2\/pages\/82\/revisions\/1845"}],"wp:attachment":[{"href":"https:\/\/www.vserdberg.at\/volksschule\/wp-json\/wp\/v2\/media?parent=82"}],"curies":[{"name":"wp","href":"https:\/\/api.w.org\/{rel}","templated":true}]}}