{"id":728,"date":"2021-02-26T09:54:15","date_gmt":"2021-02-26T08:54:15","guid":{"rendered":"https:\/\/www.vserdberg.at\/volksschule\/?page_id=728"},"modified":"2021-02-26T09:54:16","modified_gmt":"2021-02-26T08:54:16","slug":"puma","status":"publish","type":"page","link":"https:\/\/www.vserdberg.at\/volksschule\/puma\/","title":{"rendered":"PUMA"},"content":{"rendered":"\n<figure class=\"wp-block-image size-large\"><img loading=\"lazy\" decoding=\"async\" width=\"1024\" height=\"753\" src=\"https:\/\/www.vserdberg.at\/volksschule\/wp-content\/uploads\/2021\/02\/PUMA-1024x753.png\" alt=\"\" class=\"wp-image-739\" srcset=\"https:\/\/www.vserdberg.at\/volksschule\/wp-content\/uploads\/2021\/02\/PUMA-1024x753.png 1024w, https:\/\/www.vserdberg.at\/volksschule\/wp-content\/uploads\/2021\/02\/PUMA-300x220.png 300w, https:\/\/www.vserdberg.at\/volksschule\/wp-content\/uploads\/2021\/02\/PUMA-768x564.png 768w, https:\/\/www.vserdberg.at\/volksschule\/wp-content\/uploads\/2021\/02\/PUMA-1536x1129.png 1536w, https:\/\/www.vserdberg.at\/volksschule\/wp-content\/uploads\/2021\/02\/PUMA-1870x1374.png 1870w, https:\/\/www.vserdberg.at\/volksschule\/wp-content\/uploads\/2021\/02\/PUMA-400x294.png 400w, https:\/\/www.vserdberg.at\/volksschule\/wp-content\/uploads\/2021\/02\/PUMA-800x588.png 800w, https:\/\/www.vserdberg.at\/volksschule\/wp-content\/uploads\/2021\/02\/PUMA.png 1920w\" sizes=\"auto, (max-width: 1024px) 100vw, 1024px\" \/><\/figure>\n\n\n\n<p>Unsere Schule nimmt am Umweltmanagement-Programm \u201ePUMA-Schulen\u201c teil. Wir bem\u00fchen uns dabei mit ganz konkreten Ma\u00dfnahmen um die Einsparung von Energie, um \u00f6kologischen Einkauf, richtige Abfalltrennung und umweltfreundliches Mobilit\u00e4tsverhalten.<br>Weitere Informationen zu \u201ePUMA-Schulen\u201c finden Sie auf <a href=\"http:\/\/puma.lehrerweb.at\">http:\/\/puma.lehrerweb.at<\/a>, wo die einzelnen Umweltma\u00dfnahmen auch n\u00e4her beschrieben sind. Einen Link auf die \u201ePUMA-Schulen\u201c Internetseite finden Sie auch auf www.lehrerweb.at.<\/p>\n\n\n\n<p>Da wir gro\u00dfen Wert auf Umweltschutz, Recycling, M\u00fclltrennung, \u2026 legen, war es f\u00fcr die VS Erdberg ein Anliegen, das PUMA-Siegel zu erwerben.<br>Sowohl unsere Kinder im Unterricht, als auch LehrerInnen und Eltern unterst\u00fctzen diese Ma\u00dfnahmen.<br>Wir trennen den M\u00fcll, der in der Klasse abf\u00e4llt, sammeln die Druckerpatronen und achten auch bei Schulveranstaltungen auf umweltgerechte Becher, \u2026<br>Auch bei den Pfiffikustagen gibt es immer wieder Workshops zu Umweltthemen.<br>Zus\u00e4tzlich bieten wir als Unverbindliche \u00dcbung Upcycling an.<br>Seit 15 Jahren sind wir eine \u201eWasserschule\u201c und die Jause der Kinder befindet sich in Jausenboxen.<br>So tragen wir auch zur M\u00fcllvermeidung bei!<\/p>\n\n\n<style type=\"text\/css\">\r\n\t#foogallery-gallery-730 .fg-image {\r\n        width: 90px;\r\n    }\r\n<\/style>\r\n\t\t\t\t<div class=\"foogallery foogallery-container foogallery-default foogallery-lightbox-foobox fg-gutter-10 fg-center fg-default fg-light fg-border-thin fg-shadow-outline fg-loading-default fg-loaded-fade-in fg-caption-hover fg-hover-fade fg-hover-zoom fg-ready\" id=\"foogallery-gallery-730\" data-foogallery=\"{&quot;item&quot;:{&quot;showCaptionTitle&quot;:true,&quot;showCaptionDescription&quot;:true},&quot;lazy&quot;:true}\" >\r\n\t<div class=\"fg-item fg-type-image fg-idle\"><figure class=\"fg-item-inner\"><a href=\"https:\/\/www.vserdberg.at\/volksschule\/wp-content\/uploads\/2021\/02\/Einschreibung.jpg\" data-attachment-id=\"731\" data-type=\"image\" class=\"fg-thumb\"><span class=\"fg-image-wrap\"><img decoding=\"async\" width=\"90\" height=\"90\" class=\"skip-lazy fg-image\" data-src-fg=\"https:\/\/www.vserdberg.at\/volksschule\/wp-content\/uploads\/cache\/2021\/02\/Einschreibung\/646522775.jpg\" src=\"data:image\/svg+xml,%3Csvg%20xmlns%3D%22http%3A%2F%2Fwww.w3.org%2F2000%2Fsvg%22%20width%3D%2290%22%20height%3D%2290%22%20viewBox%3D%220%200%2090%2090%22%3E%3C%2Fsvg%3E\" loading=\"eager\"><\/span><span class=\"fg-image-overlay\"><\/span><\/a><figcaption class=\"fg-caption\"><div class=\"fg-caption-inner\"><\/div><\/figcaption><\/figure><div class=\"fg-loader\"><\/div><\/div><div class=\"fg-item fg-type-image fg-idle\"><figure class=\"fg-item-inner\"><a href=\"https:\/\/www.vserdberg.at\/volksschule\/wp-content\/uploads\/2021\/02\/Trennung1.jpg\" data-attachment-id=\"732\" data-type=\"image\" class=\"fg-thumb\"><span class=\"fg-image-wrap\"><img decoding=\"async\" width=\"90\" height=\"90\" class=\"skip-lazy fg-image\" data-src-fg=\"https:\/\/www.vserdberg.at\/volksschule\/wp-content\/uploads\/cache\/2021\/02\/Trennung1\/2493913213.jpg\" src=\"data:image\/svg+xml,%3Csvg%20xmlns%3D%22http%3A%2F%2Fwww.w3.org%2F2000%2Fsvg%22%20width%3D%2290%22%20height%3D%2290%22%20viewBox%3D%220%200%2090%2090%22%3E%3C%2Fsvg%3E\" loading=\"eager\"><\/span><span class=\"fg-image-overlay\"><\/span><\/a><figcaption class=\"fg-caption\"><div class=\"fg-caption-inner\"><\/div><\/figcaption><\/figure><div class=\"fg-loader\"><\/div><\/div><div class=\"fg-item fg-type-image fg-idle\"><figure class=\"fg-item-inner\"><a href=\"https:\/\/www.vserdberg.at\/volksschule\/wp-content\/uploads\/2021\/02\/Upcycling.jpg\" data-attachment-id=\"733\" data-type=\"image\" class=\"fg-thumb\"><span class=\"fg-image-wrap\"><img decoding=\"async\" width=\"90\" height=\"90\" class=\"skip-lazy fg-image\" data-src-fg=\"https:\/\/www.vserdberg.at\/volksschule\/wp-content\/uploads\/cache\/2021\/02\/Upcycling\/3661842205.jpg\" src=\"data:image\/svg+xml,%3Csvg%20xmlns%3D%22http%3A%2F%2Fwww.w3.org%2F2000%2Fsvg%22%20width%3D%2290%22%20height%3D%2290%22%20viewBox%3D%220%200%2090%2090%22%3E%3C%2Fsvg%3E\" loading=\"eager\"><\/span><span class=\"fg-image-overlay\"><\/span><\/a><figcaption class=\"fg-caption\"><div class=\"fg-caption-inner\"><\/div><\/figcaption><\/figure><div class=\"fg-loader\"><\/div><\/div><div class=\"fg-item fg-type-image fg-idle\"><figure class=\"fg-item-inner\"><a href=\"https:\/\/www.vserdberg.at\/volksschule\/wp-content\/uploads\/2021\/02\/Trennung.jpg\" data-attachment-id=\"734\" data-type=\"image\" class=\"fg-thumb\"><span class=\"fg-image-wrap\"><img decoding=\"async\" width=\"90\" height=\"90\" class=\"skip-lazy fg-image\" data-src-fg=\"https:\/\/www.vserdberg.at\/volksschule\/wp-content\/uploads\/cache\/2021\/02\/Trennung\/152810468.jpg\" src=\"data:image\/svg+xml,%3Csvg%20xmlns%3D%22http%3A%2F%2Fwww.w3.org%2F2000%2Fsvg%22%20width%3D%2290%22%20height%3D%2290%22%20viewBox%3D%220%200%2090%2090%22%3E%3C%2Fsvg%3E\" loading=\"eager\"><\/span><span class=\"fg-image-overlay\"><\/span><\/a><figcaption class=\"fg-caption\"><div class=\"fg-caption-inner\"><\/div><\/figcaption><\/figure><div class=\"fg-loader\"><\/div><\/div><div class=\"fg-item fg-type-image fg-idle\"><figure class=\"fg-item-inner\"><a href=\"https:\/\/www.vserdberg.at\/volksschule\/wp-content\/uploads\/2021\/02\/Mu\u0308ll2-scaled.jpg\" data-attachment-id=\"735\" data-type=\"image\" class=\"fg-thumb\"><span class=\"fg-image-wrap\"><img decoding=\"async\" width=\"90\" height=\"90\" class=\"skip-lazy fg-image\" data-src-fg=\"https:\/\/www.vserdberg.at\/volksschule\/wp-content\/uploads\/cache\/2021\/02\/Mu\u0308ll2-scaled\/896716392.jpg\" src=\"data:image\/svg+xml,%3Csvg%20xmlns%3D%22http%3A%2F%2Fwww.w3.org%2F2000%2Fsvg%22%20width%3D%2290%22%20height%3D%2290%22%20viewBox%3D%220%200%2090%2090%22%3E%3C%2Fsvg%3E\" loading=\"eager\"><\/span><span class=\"fg-image-overlay\"><\/span><\/a><figcaption class=\"fg-caption\"><div class=\"fg-caption-inner\"><\/div><\/figcaption><\/figure><div class=\"fg-loader\"><\/div><\/div><div class=\"fg-item fg-type-image fg-idle\"><figure class=\"fg-item-inner\"><a href=\"https:\/\/www.vserdberg.at\/volksschule\/wp-content\/uploads\/2021\/02\/Mu\u0308ll-scaled.jpg\" data-attachment-id=\"736\" data-type=\"image\" class=\"fg-thumb\"><span class=\"fg-image-wrap\"><img decoding=\"async\" width=\"90\" height=\"90\" class=\"skip-lazy fg-image\" data-src-fg=\"https:\/\/www.vserdberg.at\/volksschule\/wp-content\/uploads\/cache\/2021\/02\/Mu\u0308ll-scaled\/450318670.jpg\" src=\"data:image\/svg+xml,%3Csvg%20xmlns%3D%22http%3A%2F%2Fwww.w3.org%2F2000%2Fsvg%22%20width%3D%2290%22%20height%3D%2290%22%20viewBox%3D%220%200%2090%2090%22%3E%3C%2Fsvg%3E\" loading=\"eager\"><\/span><span class=\"fg-image-overlay\"><\/span><\/a><figcaption class=\"fg-caption\"><div class=\"fg-caption-inner\"><\/div><\/figcaption><\/figure><div class=\"fg-loader\"><\/div><\/div><div class=\"fg-item fg-type-image fg-idle\"><figure class=\"fg-item-inner\"><a href=\"https:\/\/www.vserdberg.at\/volksschule\/wp-content\/uploads\/2021\/02\/Patronen.jpg\" data-attachment-id=\"737\" data-type=\"image\" class=\"fg-thumb\"><span class=\"fg-image-wrap\"><img decoding=\"async\" width=\"90\" height=\"90\" class=\"skip-lazy fg-image\" data-src-fg=\"https:\/\/www.vserdberg.at\/volksschule\/wp-content\/uploads\/cache\/2021\/02\/Patronen\/2761226238.jpg\" src=\"data:image\/svg+xml,%3Csvg%20xmlns%3D%22http%3A%2F%2Fwww.w3.org%2F2000%2Fsvg%22%20width%3D%2290%22%20height%3D%2290%22%20viewBox%3D%220%200%2090%2090%22%3E%3C%2Fsvg%3E\" loading=\"eager\"><\/span><span class=\"fg-image-overlay\"><\/span><\/a><figcaption class=\"fg-caption\"><div class=\"fg-caption-inner\"><\/div><\/figcaption><\/figure><div class=\"fg-loader\"><\/div><\/div><div class=\"fg-item fg-type-image fg-idle\"><figure class=\"fg-item-inner\"><a href=\"https:\/\/www.vserdberg.at\/volksschule\/wp-content\/uploads\/2021\/02\/Massnahme.jpg\" data-attachment-id=\"738\" data-type=\"image\" class=\"fg-thumb\"><span class=\"fg-image-wrap\"><img decoding=\"async\" width=\"90\" height=\"90\" class=\"skip-lazy fg-image\" data-src-fg=\"https:\/\/www.vserdberg.at\/volksschule\/wp-content\/uploads\/cache\/2021\/02\/Massnahme\/3586094602.jpg\" src=\"data:image\/svg+xml,%3Csvg%20xmlns%3D%22http%3A%2F%2Fwww.w3.org%2F2000%2Fsvg%22%20width%3D%2290%22%20height%3D%2290%22%20viewBox%3D%220%200%2090%2090%22%3E%3C%2Fsvg%3E\" loading=\"eager\"><\/span><span class=\"fg-image-overlay\"><\/span><\/a><figcaption class=\"fg-caption\"><div class=\"fg-caption-inner\"><\/div><\/figcaption><\/figure><div class=\"fg-loader\"><\/div><\/div><\/div>\r\n","protected":false},"excerpt":{"rendered":"<p>Unsere Schule nimmt am Umweltmanagement-Programm \u201ePUMA-Schulen\u201c teil. Wir bem\u00fchen uns dabei mit ganz konkreten Ma\u00dfnahmen um die Einsparung von Energie, um \u00f6kologischen Einkauf, richtige Abfalltrennung und umweltfreundliches Mobilit\u00e4tsverhalten.Weitere Informationen zu \u201ePUMA-Schulen\u201c finden Sie auf http:\/\/puma.lehrerweb.at, wo die einzelnen Umweltma\u00dfnahmen auch n\u00e4her beschrieben sind. Einen Link auf die \u201ePUMA-Schulen\u201c Internetseite finden Sie auch auf www.lehrerweb.at. Da [&hellip;]<\/p>\n","protected":false},"author":1,"featured_media":0,"parent":0,"menu_order":0,"comment_status":"closed","ping_status":"closed","template":"","meta":{"footnotes":""},"class_list":["post-728","page","type-page","status-publish","hentry","missing-thumbnail"],"_links":{"self":[{"href":"https:\/\/www.vserdberg.at\/volksschule\/wp-json\/wp\/v2\/pages\/728","targetHints":{"allow":["GET"]}}],"collection":[{"href":"https:\/\/www.vserdberg.at\/volksschule\/wp-json\/wp\/v2\/pages"}],"about":[{"href":"https:\/\/www.vserdberg.at\/volksschule\/wp-json\/wp\/v2\/types\/page"}],"author":[{"embeddable":true,"href":"https:\/\/www.vserdberg.at\/volksschule\/wp-json\/wp\/v2\/users\/1"}],"replies":[{"embeddable":true,"href":"https:\/\/www.vserdberg.at\/volksschule\/wp-json\/wp\/v2\/comments?post=728"}],"version-history":[{"count":3,"href":"https:\/\/www.vserdberg.at\/volksschule\/wp-json\/wp\/v2\/pages\/728\/revisions"}],"predecessor-version":[{"id":741,"href":"https:\/\/www.vserdberg.at\/volksschule\/wp-json\/wp\/v2\/pages\/728\/revisions\/741"}],"wp:attachment":[{"href":"https:\/\/www.vserdberg.at\/volksschule\/wp-json\/wp\/v2\/media?parent=728"}],"curies":[{"name":"wp","href":"https:\/\/api.w.org\/{rel}","templated":true}]}}