{"id":44,"date":"2020-08-24T15:58:31","date_gmt":"2020-08-24T13:58:31","guid":{"rendered":"https:\/\/www.vserdberg.at\/volksschule\/?page_id=44"},"modified":"2023-11-20T10:10:42","modified_gmt":"2023-11-20T09:10:42","slug":"impressum-datenschutz","status":"publish","type":"page","link":"https:\/\/www.vserdberg.at\/volksschule\/impressum-datenschutz\/","title":{"rendered":"Impressum\/Datenschutz"},"content":{"rendered":"\n<h3 class=\"wp-block-heading\">Impressum<\/h3>\n\n\n\n<p><strong>Volksschule Erdbergstra\u00dfe<br><\/strong>Erdbergstra\u00dfe 76<br>1030 Wien<\/p>\n\n\n\n<h6 class=\"wp-block-heading\">Direktion<\/h6>\n\n\n\n<p>Dipl.-P\u00e4d. Mag. Jill Jasbar<br>Email: direktion.903021@schule.wien.gv.at <br>Tel &amp; Fax: 01 4000\/56 14 20 <br>Schulkennzahl: 903021<\/p>\n\n\n\n<h3 class=\"wp-block-heading\">Datenschutzerkl\u00e4rung<\/h3>\n\n\n\n<h6 class=\"wp-block-heading\">Blattlinie<\/h6>\n\n\n\n<p>Diese Homepage enth\u00e4lt Informationen \u00fcber die Schule, wie z.B. Lehrerteam, Schwerpunktsetzung, Projekte, Aktivit\u00e4ten. Die Nutzung der Homepage ist unentgeltlich.<\/p>\n\n\n\n<h6 class=\"wp-block-heading\">Urheberrecht<\/h6>\n\n\n\n<p>Das Layout und die Gestaltung des Angebots sowie die einzelnen Elemente (Logos, Fotos, etc.) sind ebenso wie die redaktionellen Beitr\u00e4ge im Einzelnen sowie in ihre Auswahl und Zusammenstellung urheberrechtlich gesch\u00fctzt. Jegliche Nutzung, Verwertung, Bearbeitung und Ver\u00e4nderung \u2013 au\u00dferhalb allf\u00e4lliger freier Werknutzungen \u2013 ist nur mit Zustimmung der Seitenurheberin bzw. des Seitenurhebers zul\u00e4ssig. S\u00e4mtliche Urheberrechtsverst\u00f6\u00dfe werden zivil- bzw. allenfalls strafrechtlich verfolgt.<\/p>\n\n\n\n<h6 class=\"wp-block-heading\">Haftung, Verweise und Links<\/h6>\n\n\n\n<p>Die ver\u00f6ffentlichten Inhalte sind sorgf\u00e4ltig recherchiert und programmiert. Dennoch kann keine Gew\u00e4hr f\u00fcr die Richtigkeit und Vollst\u00e4ndigkeit \u00fcbernommen werden. Alle Angaben erfolgen ohne Gew\u00e4hr. Eine Haftung f\u00fcr allf\u00e4llige Sch\u00e4den, die sich aus den ver\u00f6ffentlichten Inhalten ergeben, ist ausgeschlossen.<br>Die Autoren erkl\u00e4ren ausdr\u00fccklich, dass zum Zeitpunkt der Linksetzung die entsprechenden verlinkten Seiten frei von illegalen Inhalten waren. Auf die aktuelle und zuk\u00fcnftige Gestaltung sowie auf die Inhalte der gelinkten\/verkn\u00fcpften Seiten haben die Autoren keinen Einfluss. Deshalb distanzieren sie sich ausdr\u00fccklich von Inhalten aller gelinkten\/verkn\u00fcpften Seiten, die nach der Linksetzung ver\u00e4ndert wurden und \u00fcbernehmen daf\u00fcr keine Verantwortung. F\u00fcr illegale, fehlerhafte oder unvollst\u00e4ndige Inhalte und insbesondere f\u00fcr Sch\u00e4den, die aus der Nutzung oder Nichtnutzung solcherart dargebotener Informationen entstehen, haftet allein die Anbieterin bzw. der Anbieter der Seite, auf welche verwiesen wurde, nicht diejenige bzw. derjenige, die bzw. der \u00fcber Links auf die jeweilige Ver\u00f6ffentlichung lediglich verweist.<\/p>\n\n\n\n<h6 class=\"wp-block-heading\">Datenschutz<\/h6>\n\n\n\n<p>Datenschutzinformation gem\u00e4\u00df Art. 12ff DSGVO im Rahmen der Schulverwaltung an \u00f6sterreichischen Schulen gem\u00e4\u00df Art. 14 B-VG:&nbsp;<a href=\"https:\/\/bildung.bmbwf.gv.at\/schulen\/datenschutz\/index.html\">https:\/\/bildung.bmbwf.gv.at\/schulen\/datenschutz\/index.html<\/a><\/p>\n","protected":false},"excerpt":{"rendered":"<p>Impressum Volksschule Erdbergstra\u00dfeErdbergstra\u00dfe 761030 Wien Direktion Dipl.-P\u00e4d. Mag. Jill JasbarEmail: direktion.903021@schule.wien.gv.at Tel &amp; Fax: 01 4000\/56 14 20 Schulkennzahl: 903021 Datenschutzerkl\u00e4rung Blattlinie Diese Homepage enth\u00e4lt Informationen \u00fcber die Schule, wie z.B. Lehrerteam, Schwerpunktsetzung, Projekte, Aktivit\u00e4ten. Die Nutzung der Homepage ist unentgeltlich. Urheberrecht Das Layout und die Gestaltung des Angebots sowie die einzelnen Elemente (Logos, Fotos, [&hellip;]<\/p>\n","protected":false},"author":1,"featured_media":0,"parent":0,"menu_order":0,"comment_status":"closed","ping_status":"closed","template":"","meta":{"footnotes":""},"class_list":["post-44","page","type-page","status-publish","hentry","missing-thumbnail"],"_links":{"self":[{"href":"https:\/\/www.vserdberg.at\/volksschule\/wp-json\/wp\/v2\/pages\/44","targetHints":{"allow":["GET"]}}],"collection":[{"href":"https:\/\/www.vserdberg.at\/volksschule\/wp-json\/wp\/v2\/pages"}],"about":[{"href":"https:\/\/www.vserdberg.at\/volksschule\/wp-json\/wp\/v2\/types\/page"}],"author":[{"embeddable":true,"href":"https:\/\/www.vserdberg.at\/volksschule\/wp-json\/wp\/v2\/users\/1"}],"replies":[{"embeddable":true,"href":"https:\/\/www.vserdberg.at\/volksschule\/wp-json\/wp\/v2\/comments?post=44"}],"version-history":[{"count":4,"href":"https:\/\/www.vserdberg.at\/volksschule\/wp-json\/wp\/v2\/pages\/44\/revisions"}],"predecessor-version":[{"id":1818,"href":"https:\/\/www.vserdberg.at\/volksschule\/wp-json\/wp\/v2\/pages\/44\/revisions\/1818"}],"wp:attachment":[{"href":"https:\/\/www.vserdberg.at\/volksschule\/wp-json\/wp\/v2\/media?parent=44"}],"curies":[{"name":"wp","href":"https:\/\/api.w.org\/{rel}","templated":true}]}}