{"id":142,"date":"2020-09-20T15:03:34","date_gmt":"2020-09-20T13:03:34","guid":{"rendered":"https:\/\/www.vserdberg.at\/volksschule\/?page_id=142"},"modified":"2025-09-20T13:31:06","modified_gmt":"2025-09-20T11:31:06","slug":"termine","status":"publish","type":"page","link":"https:\/\/www.vserdberg.at\/volksschule\/termine\/","title":{"rendered":"Termine"},"content":{"rendered":"\n<p class=\"has-normal-font-size\"><strong>Termine im Schuljahr 2025\/26<\/strong><\/p>\n\n\n\n<p>Termin\u00e4nderungen aus organisatorischen Gr\u00fcnden vorbehalten!<\/p>\n\n\n\n<div class=\"wp-block-columns is-layout-flex wp-container-core-columns-is-layout-9d6595d7 wp-block-columns-is-layout-flex\">\n<div class=\"wp-block-column is-layout-flow wp-block-column-is-layout-flow\" style=\"flex-basis:100%\">\n<div class=\"wp-block-group\"><div class=\"wp-block-group__inner-container is-layout-constrained wp-block-group-is-layout-constrained\">\n<figure class=\"wp-block-table is-style-regular\"><table class=\"has-fixed-layout\"><tbody><tr><td><strong>September 2025<\/strong><\/td><td><\/td><\/tr><tr><td>Montag, 01.09.2025<\/td><td><strong>Schulbeginn<\/strong><br>9.00 Uhr<\/td><\/tr><tr><td>Mittwoch, 03.09.2025<\/td><td><strong>Klassenforum<\/strong><br>17.30 Uhr f\u00fcr 1. Klassen<br>18.00 Uhr f\u00fcr 2. Klassen<\/td><\/tr><tr><td>Dienstag,&nbsp;09.09.2025<\/td><td><strong>P\u00e4dagogische Konferenz<\/strong><\/td><\/tr><tr><td>Mittwoch, 10.09.2025<\/td><td><strong>Science Day <\/strong>(Vorstellung vom Science Club)<br>9.00 \u2013 10.30 Uhr<\/td><\/tr><tr><td>Mittwoch, 10.09.2025<\/td><td><strong>Elternabend im Hort<\/strong><br>17.30 Uhr<\/td><\/tr><tr><td>Montag, 15.09.2025<br>Dienstag, 16.09.2025<\/td><td><strong>Tennis<\/strong><br>Schnupperstunde<\/td><\/tr><tr><td>Dienstag, 16.09.2025<\/td><td><strong>Vienna Hobby Lobby <\/strong>(Vorstellung)<br>3. und 4. Klassen<\/td><\/tr><tr><td>ab Dienstag, 16.09.2025<\/td><td><strong>F\u00d6\/FO Unterrichtsstart<\/strong><br>12.05 \u2013 12.55 Uhr<\/td><\/tr><tr><td>Dienstag, 16.09.2025<\/td><td><strong>Musikeinschreibung<\/strong><br>15.00 \u2013 16.00 Uhr im Sekretariat<\/td><\/tr><tr><td>Donnerstag, 18.09.2025<\/td><td><strong>Mitmachtag MS\/Musik-MS Dietrichgasse<\/strong><br><strong>8.30 \u2013 10.05 Uhr: <\/strong>4a und 4c<br><strong>10.30 \u2013 12.05 Uhr: <\/strong>4b<\/td><\/tr><tr><td>Starttermin noch unbekannt<\/td><td><strong>Fl\u00f6te Anf\u00e4nger und Gitarre<\/strong><br>Kursstart, Treffpunkt: Aula<\/td><\/tr><tr><td>Starttermin noch unbekannt<\/td><td><strong>Gitarre<\/strong><br>Kursstart, Treffpunkt: Aula<\/td><\/tr><tr><td>Montag, 29.09.2025<\/td><td><strong>Schach<\/strong><br>Kursstart, Treffpunkt: Aula<\/td><\/tr><tr><td>Montag, 29.09.2025<\/td><td><strong>Yoga 1. und 2. Klasse<\/strong><br>Kursstart, Treffpunkt: Aula<\/td><\/tr><tr><td><strong>Oktober 2025<\/strong><\/td><td><\/td><\/tr><tr><td>Mittwoch, 01.10.2025<br>Donnerstag, 02.10.2025<\/td><td><strong>Fotograf<\/strong><\/td><\/tr><tr><td>Mittwoch, 01.10.2025<\/td><td><strong>Elternabend 4. Klasse<\/strong><br>18.00 Uhr, Bewegungsraum (3.Stock)<br>Thema: \u201eWohin nach der Volksschule?\u201c<\/td><\/tr><tr><td>Donnerstag, 02.10.2025<\/td><td><strong>Fu\u00dfball<\/strong><br>Kursstart, Treffpunkt: Aula<\/td><\/tr><tr><td>Donnerstag, 02.10.2025<\/td><td><strong>RoboManiac Programmierclub<\/strong><br>Kursstart, Treffpunkt: Aula<\/td><\/tr><tr><td>Montag, 06.10.2025<\/td><td><strong>Sportmonkeys<\/strong><br>Kursstart, Treffpunkt: Aula<\/td><\/tr><tr><td>Montag, 06.10.2025<\/td><td><strong>1. Schulforum<\/strong><br>18.00 Uhr<br><strong>im Anschluss EV-Hauptversammlung<\/strong><\/td><\/tr><tr><td>Dienstag, 07.10.2025<\/td><td><strong>Tennis<\/strong><br>Kursstart; Treffpunkt: Aula<\/td><\/tr><tr><td>Dienstag, 07.10.2025<\/td><td><strong>Science Club<\/strong><br>Kursstart, Treffpunkt: Aula<\/td><\/tr><tr><td>Mittwoch, 08.10.2025<\/td><td><strong>Monsterfreunde <\/strong>1a, 2a, 3a, 4abc<br>8.00 \u2013 12 Uhr, Betreuerin: Silke M\u00fcllner<\/td><\/tr><tr><td>Mittwoch, 08.10.2025<\/td><td><strong>Tag der Wiener Schulen<\/strong><br>9.00 \u2013 11.00 Uhr<\/td><\/tr><tr><td>Montag, 13.10.2025<\/td><td><strong>P\u00e4dagogischer Tag mit dem Hort \u201eGesundheitstag\u201c<\/strong><br><strong>P\u00e4dagogische Konferenz 12.00 \u2013 16.00 Uhr<\/strong><br>-Hort geschlossen-<\/td><\/tr><tr><td>Freitag, 24.10.2025<\/td><td><strong>Tag der offenen T\u00fcr<\/strong><br>9.00 \u2013 11.00 Uhr<\/td><\/tr><tr><td><strong>27.10. \u2013 31.10.2025<\/strong><\/td><td><strong>Herbstferien<\/strong><\/td><\/tr><tr><td><strong>November 2025<\/strong><\/td><td><\/td><\/tr><tr><td>10. \u2013 21.11.2025<\/td><td><strong>Administrative Einschreibung<\/strong><br>-telefonische Terminvereinbarung erforderlich-<\/td><\/tr><tr><td>Mittwoch, 12.11.2025<\/td><td><strong>Elternabend \u201eMut tut gut\u201c<\/strong><br>18.00 \u2013 19.00 Uhr, im Turnsaal<\/td><\/tr><tr><td>Donnerstag, 13.11.2025<br>Freitag, 14.11.2025<br>Dienstag, 18.11.2025<\/td><td><strong>Workshop \u201eMut tut gut\u201c<\/strong><br>2 EH pro Klasse \u2013 Klasseneinteilung folgt<br>8.00 \u2013 12.00 Uhr, im Turnsaal<\/td><\/tr><tr><td>Mittwoch, 19.11.2025<\/td><td><strong>Monsterfreunde <\/strong>1a, 2a, 3a, 4abc<br>8.00 \u2013 12 Uhr, Betreuerin: Silke M\u00fcllner<\/td><\/tr><tr><td>27.11.2025 \u2013 29.01.2026<\/td><td><strong>Schwimmunterricht (donnerstags)<\/strong><br>4a, 4b und 4c<\/td><\/tr><tr><td><strong>Dezember 2025<\/strong><\/td><td><\/td><\/tr><tr><td>Montag, 01.12.2025<\/td><td><strong>1. Elternsprechtag<\/strong><\/td><\/tr><tr><td>Montag, 08.12.2025<\/td><td><strong>Mari\u00e4 Empf\u00e4ngnis (schulfrei)<\/strong><\/td><\/tr><tr><td>16. \u2013 22.12.2025<\/td><td><strong>Mundgesundheitsf\u00f6rderung<\/strong><br>Mundgesundheitsexpertin: Yasemin Dogru<\/td><\/tr><tr><td>Mittwoch, 17.12.2025<\/td><td><strong>Monsterfreunde <\/strong>1a, 2a, 3a, 4abc<br>8.00 \u2013 12 Uhr, Betreuerin: Silke M\u00fcllner<\/td><\/tr><tr><td>Montag, 22.12.2025 (voraussichtlich)<\/td><td><strong>Waffeltag vom Elternverein<\/strong><\/td><\/tr><tr><td><strong>24.12. 2025 \u2013 06.01.2026<\/strong><\/td><td><strong>Weihnachtsferien<\/strong><br>-Hort geschlossen-<\/td><\/tr><tr><td><strong>J\u00e4nner 2026<\/strong><\/td><td><\/td><\/tr><tr><td>Dienstag, 13.01.2026<br>Mittwoch, 14.01.2026<\/td><td><strong>Workshop \u201eMut tut gut\u201c<\/strong><br>1 EH pro Klasse \u2013 Klasseneinteilung folgt<br>8.00 \u2013 13.00 Uhr, im Turnsaal<\/td><\/tr><tr><td>Mittwoch, 28.01.2026<\/td><td><strong>Monsterfreunde <\/strong>1a, 2a, 3a, 4abc<br>8.00 \u2013 12 Uhr, Betreuerin: Silke M\u00fcllner<\/td><\/tr><tr><td>Freitag, 30.01.2026<\/td><td><strong>Schulnachrichten<\/strong><\/td><\/tr><tr><td><strong>Februar 2026<\/strong><\/td><\/tr><tr><td><strong>02.02. \u2013 06.02.2026<\/strong><\/td><td><strong>Semesterferien<\/strong><\/td><\/tr><tr><td>09.02. \u2013 06.03.2026<\/td><td><strong>P\u00e4dagogische Einschreibung<\/strong><br><strong>(Schulreifefeststellung + MIKA-D)<\/strong><br>-telefonische Terminvereinbarung erforderlich-<\/td><\/tr><tr><td>Freitag, 13.02.2026<\/td><td><strong>Fasching (f\u00fcr Schule und Hort)<\/strong><\/td><\/tr><tr><td>Mittwoch, 25.02.2026<\/td><td><strong>Monsterfreunde <\/strong>1a, 2a, 3a, 4abc<br>8.00 \u2013 12 Uhr, Betreuerin: Silke M\u00fcllner<\/td><\/tr><tr><td>Mittwoch, 25.02.2026<br>Donnerstag, 26.02.2026<\/td><td><strong>Workshop \u201eRaufen &amp; Rangeln\u201c<\/strong><br>1 EH pro Klasse \u2013 Klasseneinteilung folgt<br>8.00 \u2013 13.00 Uhr, im Turnsaal<\/td><\/tr><tr><td><strong>M\u00e4rz 2026<\/strong><\/td><td><\/td><\/tr><tr><td>Donnerstag, 12.03.2026<\/td><td><strong>Eltern-Kind-Nachmittag \u201eRaufen &amp; Rangeln\u201c<\/strong><br>1. und 2. Klasse: 16.00 \u2013 16.50 Uhr, im Turnsaal<br>3. und 4. Klasse: 17.00 \u2013 17.50 Uhr, im Turnsaal<\/td><\/tr><tr><td>Montag, 16.03.2026<\/td><td><strong>P\u00e4dagogischer Tag mit dem Hort<\/strong><br><strong>P\u00e4dagogische Konferenz 12.00 \u2013 16.00 Uhr<\/strong><br>-Hort geschlossen-<\/td><\/tr><tr><td>Mittwoch, 25.03.2026<\/td><td><strong>Monsterfreunde <\/strong>1a, 2a, 3a, 4abc<br>8.00 \u2013 12 Uhr, Betreuerin: Silke M\u00fcllner<\/td><\/tr><tr><td>Donnerstag, 26.03.2026<\/td><td><strong>Radfahrpr\u00fcfung Modul 1 &#8211; Technik<\/strong><br>8.45 \u2013 ca. 10.15 Uhr (4a)<\/td><\/tr><tr><td>Freitag, 27.03.2026<\/td><td><strong>Radfahrpr\u00fcfung Modul 1 &#8211; Technik<\/strong><br>8.45 \u2013 ca. 10.15 Uhr (4c)<\/td><\/tr><tr><td><strong>30.03. \u2013 06.04.2026<\/strong><\/td><td><strong>Osterferien<\/strong><\/td><\/tr><tr><td><strong>April 2026<\/strong><\/td><td><\/td><\/tr><tr><td>Donnerstag, 09.04.2026<\/td><td><strong>2. Schulforum<\/strong><br>18.00 Uhr<br><strong>im Anschluss EV-Hauptversammlung<\/strong><\/td><\/tr><tr><td>20.04. \u2013 20.05.2026<\/td><td><strong>IKM+ Basismodul <\/strong>3. und 4. Klassen<br>Deutsch und Mathematik<\/td><\/tr><tr><td>20.04. \u2013 Ende des Schuljahres<\/td><td><strong>IKM+ Fokusmodul <\/strong>3. und 4. Klassen<br>Deutsch<\/td><\/tr><tr><td>Dienstag, 28.04.2026<\/td><td><strong>Radfahrpr\u00fcfung Modul 2 &#8211; Theorie<\/strong><br>8.45 \u2013 ca. 10.15 Uhr (4a)<\/td><\/tr><tr><td>Mittwoch, 29.04.2026<\/td><td><strong>Monsterfreunde <\/strong>1a, 2a, 3a, 4abc<br>8.00 \u2013 12 Uhr, Betreuerin: Silke M\u00fcllner<\/td><\/tr><tr><td>Donnerstag, 30.04.2026<\/td><td><strong>Radfahrpr\u00fcfung Modul 2 &#8211; Theorie<\/strong><br>8.45 \u2013 ca. 10.15 Uhr (4c)<\/td><\/tr><tr><td><strong>Mai 2026<\/strong><\/td><td><\/td><\/tr><tr><td>Freitag, 01.05.2026<\/td><td><strong>Staatsfeiertag (schulfrei)<\/strong><\/td><\/tr><tr><td>Montag, 04.05.2026<\/td><td><strong>2. Elternsprechtag<\/strong><\/td><\/tr><tr><td>Donnerstag, 14.05.2026<\/td><td><strong>Christi Himmelfahrt (schulfrei)<\/strong><\/td><\/tr><tr><td>Montag, 25.05.2026<\/td><td><strong>Pfingstmontag (schulfrei)<\/strong><\/td><\/tr><tr><td><strong>Juni 2026<\/strong><\/td><td><\/td><\/tr><tr><td>Mittwoch, 03.06.2026<\/td><td><strong>Monsterfreunde <\/strong>1a, 2a, 3a, 4abc<br>8.00 \u2013 12 Uhr, Betreuerin: Silke M\u00fcllner<\/td><\/tr><tr><td>Donnerstag, 04.06.2026<\/td><td><strong>Fronleichnam (schulfrei)<\/strong><\/td><\/tr><tr><td>Freitag, 05.06.2026<\/td><td><strong>Schulautonomer Tag<\/strong><\/td><\/tr><tr><td>Dienstag, 09.06.2026<\/td><td><strong>Sommerfest<\/strong><br>-Hort geschlossen- (P\u00e4dagogischer Tag)<\/td><\/tr><tr><td>Mittwoch, 17.06.2026<\/td><td><strong>Schnupperstunde Schulneulinge SJ 2026\/2027<\/strong><br>9.00 \u2013 10.00 Uhr<br><strong>Elternabend Schulneulinge<\/strong><br>18.00 Uhr<\/td><\/tr><tr><td>Donnerstag, 18.06.2026<\/td><td><strong>Radfahrpr\u00fcfung Modul 3 &#8211; Pr\u00fcfung<\/strong><br>8.45 \u2013 ca. 10.15 Uhr (4a)<\/td><\/tr><tr><td>Freitag, 19.06.2026<\/td><td><strong>Radfahrpr\u00fcfung Modul 3 &#8211; Pr\u00fcfung<\/strong><br>8.45 \u2013 ca. 10.15 Uhr (4c)<\/td><\/tr><tr><td><strong>Juli 2026<\/strong><\/td><td><\/td><\/tr><tr><td>Freitag, 03.07.2026<\/td><td><strong>Zeugnistag<\/strong><br>09.00 Uhr<\/td><\/tr><tr><td>Montag, 06.07.2026<br>Dienstag, 07.07.2026<\/td><td><strong>Kanzleitage<\/strong><br>08.00 \u2013 12.00 Uhr&nbsp;<\/td><\/tr><tr><td><strong>SEPTEMBER 2026<\/strong><\/td><td><\/td><\/tr><tr><td>Montag, 07.09.2026<\/td><td><strong>Schulbeginn<\/strong><br>9.00 Uhr<\/td><\/tr><\/tbody><\/table><\/figure>\n<\/div><\/div>\n<\/div>\n<\/div>\n\n\n\n<p><\/p>\n","protected":false},"excerpt":{"rendered":"<p>Termine im Schuljahr 2025\/26 Termin\u00e4nderungen aus organisatorischen Gr\u00fcnden vorbehalten! September 2025 Montag, 01.09.2025 Schulbeginn9.00 Uhr Mittwoch, 03.09.2025 Klassenforum17.30 Uhr f\u00fcr 1. Klassen18.00 Uhr f\u00fcr 2. Klassen Dienstag,&nbsp;09.09.2025 P\u00e4dagogische Konferenz Mittwoch, 10.09.2025 Science Day (Vorstellung vom Science Club)9.00 \u2013 10.30 Uhr Mittwoch, 10.09.2025 Elternabend im Hort17.30 Uhr Montag, 15.09.2025Dienstag, 16.09.2025 TennisSchnupperstunde Dienstag, 16.09.2025 Vienna Hobby Lobby [&hellip;]<\/p>\n","protected":false},"author":1,"featured_media":0,"parent":0,"menu_order":0,"comment_status":"closed","ping_status":"closed","template":"","meta":{"footnotes":""},"class_list":["post-142","page","type-page","status-publish","hentry","missing-thumbnail"],"_links":{"self":[{"href":"https:\/\/www.vserdberg.at\/volksschule\/wp-json\/wp\/v2\/pages\/142","targetHints":{"allow":["GET"]}}],"collection":[{"href":"https:\/\/www.vserdberg.at\/volksschule\/wp-json\/wp\/v2\/pages"}],"about":[{"href":"https:\/\/www.vserdberg.at\/volksschule\/wp-json\/wp\/v2\/types\/page"}],"author":[{"embeddable":true,"href":"https:\/\/www.vserdberg.at\/volksschule\/wp-json\/wp\/v2\/users\/1"}],"replies":[{"embeddable":true,"href":"https:\/\/www.vserdberg.at\/volksschule\/wp-json\/wp\/v2\/comments?post=142"}],"version-history":[{"count":63,"href":"https:\/\/www.vserdberg.at\/volksschule\/wp-json\/wp\/v2\/pages\/142\/revisions"}],"predecessor-version":[{"id":2373,"href":"https:\/\/www.vserdberg.at\/volksschule\/wp-json\/wp\/v2\/pages\/142\/revisions\/2373"}],"wp:attachment":[{"href":"https:\/\/www.vserdberg.at\/volksschule\/wp-json\/wp\/v2\/media?parent=142"}],"curies":[{"name":"wp","href":"https:\/\/api.w.org\/{rel}","templated":true}]}}